{"id":6356,"date":"2025-06-04T22:16:37","date_gmt":"2025-06-04T22:16:37","guid":{"rendered":"https:\/\/realifygroup.com\/?page_id=6356"},"modified":"2025-06-04T22:16:37","modified_gmt":"2025-06-04T22:16:37","slug":"aviso-de-privacidad","status":"publish","type":"page","link":"https:\/\/realifygroup.com\/en\/aviso-de-privacidad\/","title":{"rendered":"Privacy notice"},"content":{"rendered":"<p>[et_pb_section fb_built=&#8221;1&#8243; theme_builder_area=&#8221;post_content&#8221; _builder_version=&#8221;4.27.4&#8243; _module_preset=&#8221;default&#8221; da_is_popup=&#8221;off&#8221; da_exit_intent=&#8221;off&#8221; da_has_close=&#8221;on&#8221; da_alt_close=&#8221;off&#8221; da_dark_close=&#8221;off&#8221; da_not_modal=&#8221;on&#8221; da_is_singular=&#8221;off&#8221; da_with_loader=&#8221;off&#8221; da_has_shadow=&#8221;on&#8221; da_disable_devices=&#8221;off|off|off&#8221;][et_pb_row _builder_version=&#8221;4.27.4&#8243; _module_preset=&#8221;default&#8221; theme_builder_area=&#8221;post_content&#8221;][et_pb_column _builder_version=&#8221;4.27.4&#8243; _module_preset=&#8221;default&#8221; type=&#8221;4_4&#8243; theme_builder_area=&#8221;post_content&#8221;][et_pb_text _builder_version=&#8221;4.27.4&#8243; _module_preset=&#8221;default&#8221; theme_builder_area=&#8221;post_content&#8221; hover_enabled=&#8221;0&#8243; sticky_enabled=&#8221;0&#8243; custom_margin=&#8221;55px||||false|false&#8221;]<\/p>\n<p data-pm-slice=\"1 1 []\"><span><strong>Privacy notice<\/strong><\/span><\/p>\n<p><span>En Realify nos comprometemos a proteger tu privacidad y garantizar la seguridad de tu informaci\u00f3n personal. Este Aviso de Privacidad explica qu\u00e9 datos recopilamos, c\u00f3mo los usamos y qu\u00e9 derechos tienes sobre ellos.<\/span><\/p>\n<h3><span>1. <\/span><span><strong>Informaci\u00f3n que recopilamos<\/strong><\/span><\/h3>\n<p><span>Al utilizar nuestros servicios, podemos recopilar la siguiente informaci\u00f3n:<\/span><\/p>\n<ul data-spread=\"false\">\n<li><span><strong>Datos personales:<\/strong><\/span><span> Nombre, correo electr\u00f3nico y, en algunos casos, direcci\u00f3n de facturaci\u00f3n o env\u00edo.<\/span><\/li>\n<li><span><strong>Datos de pago:<\/strong><\/span><span> Procesamos pagos a trav\u00e9s de proveedores externos seguros, pero no almacenamos informaci\u00f3n de tarjetas de cr\u00e9dito o d\u00e9bito.<\/span><\/li>\n<li><span><strong>Datos de navegaci\u00f3n:<\/strong><\/span><span> Direcci\u00f3n IP, tipo de dispositivo, navegador y cookies para mejorar la experiencia del usuario.<\/span><\/li>\n<\/ul>\n<h3><span>2. <\/span><span><strong>Finalidad del tratamiento de datos<\/strong><\/span><\/h3>\n<p><span>Utilizamos tu informaci\u00f3n para:<\/span><\/p>\n<ul data-spread=\"false\">\n<li><span>Procesar y gestionar tus compras.<\/span><\/li>\n<li><span>Mejorar y personalizar tu experiencia en Realify.<\/span><\/li>\n<li><span>Cumplir con obligaciones legales y fiscales.<\/span><\/li>\n<li><span>Enviarte informaci\u00f3n relevante sobre el servicio o promociones (puedes darte de baja en cualquier momento).<\/span><\/li>\n<\/ul>\n<h3><span>3. <\/span><span><strong>Protecci\u00f3n y seguridad de los datos<\/strong><\/span><\/h3>\n<ul data-spread=\"false\">\n<li><span>Implementamos medidas de seguridad para proteger tu informaci\u00f3n.<\/span><\/li>\n<li><span>No compartimos ni vendemos tus datos a terceros sin tu consentimiento, excepto cuando sea necesario para procesar pagos o cumplir con la ley.<\/span><\/li>\n<\/ul>\n<h3><span>4. <\/span><span><strong>Tus derechos<\/strong><\/span><\/h3>\n<p><span>Puedes solicitar acceso, rectificaci\u00f3n o eliminaci\u00f3n de tus datos personales enviando un correo a <strong>soporte@realifygroup.com<\/strong><\/span><span>.<\/span><\/p>\n<p><span>Este Aviso de Privacidad puede ser actualizado en cualquier momento. Te recomendamos revisarlo peri\u00f3dicamente.<\/span><\/p>\n<p>&nbsp;<\/p>\n<p>[\/et_pb_text][\/et_pb_column][\/et_pb_row][\/et_pb_section]<\/p>","protected":false},"excerpt":{"rendered":"<p>Aviso de Privacidad En Realify nos comprometemos a proteger tu privacidad y garantizar la seguridad de tu informaci\u00f3n personal. Este Aviso de Privacidad explica qu\u00e9 datos recopilamos, c\u00f3mo los usamos y qu\u00e9 derechos tienes sobre ellos. 1. Informaci\u00f3n que recopilamos Al utilizar nuestros servicios, podemos recopilar la siguiente informaci\u00f3n: Datos personales: Nombre, correo electr\u00f3nico y, [&hellip;]<\/p>","protected":false},"author":21,"featured_media":0,"parent":0,"menu_order":0,"comment_status":"closed","ping_status":"closed","template":"","meta":{"_acf_changed":false,"_et_pb_use_builder":"on","_et_pb_old_content":"","_et_gb_content_width":"","footnotes":""},"class_list":["post-6356","page","type-page","status-publish","hentry"],"acf":[],"_links":{"self":[{"href":"https:\/\/realifygroup.com\/en\/wp-json\/wp\/v2\/pages\/6356","targetHints":{"allow":["GET"]}}],"collection":[{"href":"https:\/\/realifygroup.com\/en\/wp-json\/wp\/v2\/pages"}],"about":[{"href":"https:\/\/realifygroup.com\/en\/wp-json\/wp\/v2\/types\/page"}],"author":[{"embeddable":true,"href":"https:\/\/realifygroup.com\/en\/wp-json\/wp\/v2\/users\/21"}],"replies":[{"embeddable":true,"href":"https:\/\/realifygroup.com\/en\/wp-json\/wp\/v2\/comments?post=6356"}],"version-history":[{"count":2,"href":"https:\/\/realifygroup.com\/en\/wp-json\/wp\/v2\/pages\/6356\/revisions"}],"predecessor-version":[{"id":6359,"href":"https:\/\/realifygroup.com\/en\/wp-json\/wp\/v2\/pages\/6356\/revisions\/6359"}],"wp:attachment":[{"href":"https:\/\/realifygroup.com\/en\/wp-json\/wp\/v2\/media?parent=6356"}],"curies":[{"name":"wp","href":"https:\/\/api.w.org\/{rel}","templated":true}]}}