{"id":6419,"date":"2025-08-20T06:53:03","date_gmt":"2025-08-20T06:53:03","guid":{"rendered":"https:\/\/realifygroup.com\/?page_id=6419"},"modified":"2025-08-29T21:56:34","modified_gmt":"2025-08-29T21:56:34","slug":"solicitar-demo-gratis","status":"publish","type":"page","link":"https:\/\/realifygroup.com\/en\/solicitar-demo-gratis\/","title":{"rendered":"Solicitar Demo Gratis"},"content":{"rendered":"<p>[et_pb_section fb_built=&#8221;1&#8243; _builder_version=&#8221;4.27.4&#8243; _module_preset=&#8221;default&#8221; da_disable_devices=&#8221;off|off|off&#8221; global_colors_info=&#8221;{}&#8221; use_background_color_gradient=&#8221;on&#8221; background_color_gradient_stops=&#8221;rgba(0,16,51,0.8) 0%|rgba(30,30,30,0.77) 100%&#8221; background_color_gradient_type=&#8221;circular&#8221; title_text=&#8221;esports-30&#8243; background_image=&#8221;https:\/\/realifygroup.com\/wp-content\/uploads\/2024\/04\/esports-30.jpg&#8221; parallax=&#8221;on&#8221; background_color_gradient_overlays_image=&#8221;on&#8221; hover_enabled=&#8221;0&#8243; sticky_enabled=&#8221;0&#8243; da_is_popup=&#8221;off&#8221; da_exit_intent=&#8221;off&#8221; da_has_close=&#8221;on&#8221; da_alt_close=&#8221;off&#8221; da_dark_close=&#8221;off&#8221; da_not_modal=&#8221;on&#8221; da_is_singular=&#8221;off&#8221; da_with_loader=&#8221;off&#8221; da_has_shadow=&#8221;on&#8221;][et_pb_row _builder_version=&#8221;4.27.4&#8243; _module_preset=&#8221;default&#8221; custom_padding=&#8221;||5px|||&#8221; global_colors_info=&#8221;{}&#8221;][et_pb_column type=&#8221;4_4&#8243; _builder_version=&#8221;4.27.4&#8243; _module_preset=&#8221;default&#8221; global_colors_info=&#8221;{}&#8221;][et_pb_image src=&#8221;https:\/\/realifygroup.com\/wp-content\/uploads\/2024\/04\/LogoREALIFYBi.png&#8221; title_text=&#8221;LogoREALIFYBi&#8221; align=&#8221;center&#8221; _builder_version=&#8221;4.27.4&#8243; _module_preset=&#8221;default&#8221; width=&#8221;251px&#8221; global_colors_info=&#8221;{}&#8221;][\/et_pb_image][\/et_pb_column][\/et_pb_row][et_pb_row _builder_version=&#8221;4.27.4&#8243; _module_preset=&#8221;default&#8221; global_colors_info=&#8221;{}&#8221;][et_pb_column type=&#8221;4_4&#8243; _builder_version=&#8221;4.27.4&#8243; _module_preset=&#8221;default&#8221; global_colors_info=&#8221;{}&#8221;][et_pb_text _builder_version=&#8221;4.27.4&#8243; _module_preset=&#8221;default&#8221; text_font=&#8221;|600|||||||&#8221; text_font_size=&#8221;26px&#8221; text_line_height=&#8221;1.5em&#8221; text_orientation=&#8221;center&#8221; hover_enabled=&#8221;0&#8243; global_colors_info=&#8221;{}&#8221; text_text_color=&#8221;#fcfcfc&#8221; sticky_enabled=&#8221;0&#8243;]<\/p>\n<p>Your menu\/Flyer in AR (augmented reality)<\/p>\n<p>[\/et_pb_text][et_pb_text _builder_version=&#8221;4.27.4&#8243; _module_preset=&#8221;default&#8221; hover_enabled=&#8221;0&#8243; global_colors_info=&#8221;{}&#8221; text_text_color=&#8221;#ffffff&#8221; header_3_text_color=&#8221;#ffffff&#8221; header_3_font=&#8221;|600|||||||&#8221; sticky_enabled=&#8221;0&#8243;]<\/p>\n<p data-start=\"1129\" data-end=\"1239\">Converts your menu or flyer into an experience that your customers can <strong data-start=\"1198\" data-end=\"1216\">see and explore<\/strong> in your own phone.<\/p>\n<h3 data-start=\"1241\" data-end=\"1259\">What do we need?<\/h3>\n<ul data-start=\"1260\" data-end=\"1393\">\n<li data-start=\"1260\" data-end=\"1321\">\n<p data-start=\"1262\" data-end=\"1321\"><strong data-start=\"1262\" data-end=\"1275\">Files:<\/strong> JPG or PNG format (<strong data-start=\"1292\" data-end=\"1305\">max. 2 MB<\/strong> per file).<\/p>\n<\/li>\n<li data-start=\"1322\" data-end=\"1393\">\n<p data-start=\"1324\" data-end=\"1393\"><strong data-start=\"1324\" data-end=\"1336\">Message:<\/strong> tell us what dishes\/services you want to stand out.<\/p>\n<\/li>\n<\/ul>\n<h3 data-start=\"1395\" data-end=\"1413\">What you will receive?<\/h3>\n<p data-start=\"1395\" data-end=\"1413\">We will send you to your registered mail:<\/p>\n<ul data-start=\"1414\" data-end=\"1551\">\n<li data-start=\"1414\" data-end=\"1486\">\n<p data-start=\"1416\" data-end=\"1486\">A <strong data-start=\"1419\" data-end=\"1429\">link<\/strong> and a <strong data-start=\"1435\" data-end=\"1441\">QR<\/strong> to test your demo in Augmented Reality.<\/p>\n<\/li>\n<li data-start=\"1487\" data-end=\"1551\">\n<p data-start=\"1489\" data-end=\"1551\">Simple instructions to open it in iOS\/Android support.<\/p>\n<\/li>\n<\/ul>\n<h3 data-start=\"1553\" data-end=\"1572\">Recommendations<\/h3>\n<ul data-start=\"1573\" data-end=\"1727\">\n<li data-start=\"1573\" data-end=\"1620\">\n<p data-start=\"1575\" data-end=\"1620\">Clear photos, good framing, and a clean background.<\/p>\n<\/li>\n<li data-start=\"1656\" data-end=\"1727\">\n<p data-start=\"1658\" data-end=\"1727\">No menu\/flyer? Upload photos representative of your products\/services.<\/p>\n<\/li>\n<\/ul>\n<h3 data-start=\"1729\" data-end=\"1743\">Privacy<\/h3>\n<p data-start=\"1744\" data-end=\"1833\">We use your files <strong data-start=\"1764\" data-end=\"1782\">exclusively<\/strong> to create your demo.<\/p>\n<p>[\/et_pb_text][\/et_pb_column][\/et_pb_row][et_pb_row _builder_version=&#8221;4.27.4&#8243; _module_preset=&#8221;default&#8221; global_colors_info=&#8221;{}&#8221;][et_pb_column type=&#8221;4_4&#8243; _builder_version=&#8221;4.27.4&#8243; _module_preset=&#8221;default&#8221; global_colors_info=&#8221;{}&#8221;][et_pb_text _builder_version=&#8221;4.27.4&#8243; _module_preset=&#8221;default&#8221; global_colors_info=&#8221;{}&#8221;]<\/p>\n\n<div class=\"wpcf7 no-js\" id=\"wpcf7-f6427-o1\" lang=\"es-ES\" dir=\"ltr\" data-wpcf7-id=\"6427\">\n<div class=\"screen-reader-response\"><p role=\"status\" aria-live=\"polite\" aria-atomic=\"true\"><\/p> <ul><\/ul><\/div>\n<form action=\"\/en\/wp-json\/wp\/v2\/pages\/6419#wpcf7-f6427-o1\" method=\"post\" class=\"wpcf7-form init\" aria-label=\"Formulario de contacto\" enctype=\"multipart\/form-data\" novalidate=\"novalidate\" data-status=\"init\" data-trp-original-action=\"\/en\/wp-json\/wp\/v2\/pages\/6419#wpcf7-f6427-o1\">\n<fieldset class=\"hidden-fields-container\"><input type=\"hidden\" name=\"_wpcf7\" value=\"6427\" \/><input type=\"hidden\" name=\"_wpcf7_version\" value=\"6.1.1\" \/><input type=\"hidden\" name=\"_wpcf7_locale\" value=\"es_ES\" \/><input type=\"hidden\" name=\"_wpcf7_unit_tag\" value=\"wpcf7-f6427-o1\" \/><input type=\"hidden\" name=\"_wpcf7_container_post\" value=\"0\" \/><input type=\"hidden\" name=\"_wpcf7_posted_data_hash\" value=\"\" \/>\n<\/fieldset>\n<div class=\"et_pb_contact\">\n\t<div class=\"et_pb_contact_form\">\n\t\t<p class=\"et_pb_contact_field et_pb_contact_field_half\"><span class=\"wpcf7-form-control-wrap\" data-name=\"nombre\"><input size=\"40\" maxlength=\"400\" class=\"wpcf7-form-control wpcf7-text wpcf7-validates-as-required\" aria-required=\"true\" aria-invalid=\"false\" placeholder=\"NAME\" value=\"\" type=\"text\" name=\"nombre\" \/><\/span>\n\t\t<\/p>\n\t\t<p class=\"et_pb_contact_field et_pb_contact_field_half\"><span class=\"wpcf7-form-control-wrap\" data-name=\"empresa\"><input size=\"40\" maxlength=\"400\" class=\"wpcf7-form-control wpcf7-text wpcf7-validates-as-required\" aria-required=\"true\" aria-invalid=\"false\" placeholder=\"COMPANY\" value=\"\" type=\"text\" name=\"empresa\" \/><\/span>\n\t\t<\/p>\n\t\t<p class=\"et_pb_contact_field et_pb_contact_field_half\"><span class=\"wpcf7-form-control-wrap\" data-name=\"ubicacion\"><input size=\"40\" maxlength=\"400\" class=\"wpcf7-form-control wpcf7-text wpcf7-validates-as-required\" aria-required=\"true\" aria-invalid=\"false\" placeholder=\"LOCATION\" value=\"\" type=\"text\" name=\"ubicacion\" \/><\/span>\n\t\t<\/p>\n\t\t<p class=\"et_pb_contact_field et_pb_contact_field_half\"><span class=\"wpcf7-form-control-wrap\" data-name=\"email\"><input size=\"40\" maxlength=\"400\" class=\"wpcf7-form-control wpcf7-email wpcf7-validates-as-required wpcf7-text wpcf7-validates-as-email\" aria-required=\"true\" aria-invalid=\"false\" placeholder=\"E-MAIL\" value=\"\" type=\"email\" name=\"email\" \/><\/span>\n\t\t<\/p>\n\t\t<p class=\"et_pb_contact_field et_pb_contact_field_half\"><span class=\"wpcf7-form-control-wrap\" data-name=\"telefono\"><input size=\"40\" maxlength=\"400\" class=\"wpcf7-form-control wpcf7-tel wpcf7-text wpcf7-validates-as-tel\" aria-invalid=\"false\" placeholder=\"PHONE\" value=\"\" type=\"tel\" name=\"telefono\" \/><\/span>\n\t\t<\/p>\n\t\t<p class=\"et_pb_contact_field et_pb_contact_field_last\"><span class=\"wpcf7-form-control-wrap\" data-name=\"mensaje\"><textarea cols=\"40\" rows=\"10\" maxlength=\"2000\" class=\"wpcf7-form-control wpcf7-textarea wpcf7-validates-as-required\" aria-required=\"true\" aria-invalid=\"false\" placeholder=\"LEAVE A MESSAGE\" name=\"mensaje\"><\/textarea><\/span>\n\t\t<\/p>\n\t\t<p><small style=\"display:block;color:#64748b;margin-top:2px\"><br \/>\nJPG\/PNG \u2014 up to 2 MB.<br \/>\n<\/small>\n\t\t<\/p>\n\t\t<p class=\"et_pb_contact_field et_pb_contact_field_last\"><span class=\"wpcf7-form-control-wrap\" data-name=\"archivo\"><input size=\"40\" class=\"wpcf7-form-control wpcf7-file\" accept=\".jpg,.png\" aria-invalid=\"false\" type=\"file\" name=\"archivo\" \/><\/span>\n\t\t<\/p>\n\t\t<p><small style=\"display:block;color:#64748b;margin-top:2px\"><br \/>\nJPG\/PNG \u2014 up to 2 MB.<br \/>\n<\/small>\n\t\t<\/p>\n\t\t<p class=\"et_pb_contact_field et_pb_contact_field_last\"><span class=\"wpcf7-form-control-wrap\" data-name=\"archivo\"><input size=\"40\" class=\"wpcf7-form-control wpcf7-file\" accept=\".jpg,.png\" aria-invalid=\"false\" type=\"file\" name=\"archivo\" \/><\/span>\n\t\t<\/p>\n\t\t<p><small style=\"display:block;color:#64748b;margin-top:2px\"><br \/>\nJPG\/PNG \u2014 up to 2 MB.<br \/>\n<\/small>\n\t\t<\/p>\n\t\t<p class=\"et_pb_contact_field et_pb_contact_field_last\"><span class=\"wpcf7-form-control-wrap\" data-name=\"archivo\"><input size=\"40\" class=\"wpcf7-form-control wpcf7-file\" accept=\".jpg,.png\" aria-invalid=\"false\" type=\"file\" name=\"archivo\" \/><\/span>\n\t\t<\/p>\n\t\t<p><small style=\"display:block;color:#64748b;margin-top:2px\"><br \/>\nJPG\/PNG \u2014 up to 2 MB.<br \/>\n<\/small>\n\t\t<\/p>\n\t\t<p class=\"et_pb_contact_field et_pb_contact_field_last\"><span class=\"wpcf7-form-control-wrap\" data-name=\"archivo\"><input size=\"40\" class=\"wpcf7-form-control wpcf7-file\" accept=\".jpg,.png\" aria-invalid=\"false\" type=\"file\" name=\"archivo\" \/><\/span>\n\t\t<\/p>\n\t<\/div>\n<\/div>\n<p><span class=\"wpcf7-form-control-wrap\" data-name=\"aceptacion\"><span class=\"wpcf7-form-control wpcf7-acceptance\"><span class=\"wpcf7-list-item\"><label><input type=\"checkbox\" name=\"aceptacion\" value=\"1\" aria-invalid=\"false\" \/><span class=\"wpcf7-list-item-label\">I have read and accept the <a href=\"https:\/\/realifygroup.com\/en\/aviso-de-privacidad\/\">privacy policy<\/a> of Realify<\/span><\/label><\/span><\/span><\/span>\n<\/p>\n<div class=\"et_contact_bottom_container\">\n\t<p><button class=\"wpcf7-form-control wpcf7-submit has-spinner et_pb_button et_pb_bg_layout_light et_pb_contact_submit\" type=\"submit\" value=\"ENVIAR\">SEND<\/button>\n\t<\/p>\n<\/div>\n<p style=\"font-size: 0.8em; line-height: 1.2; display: inline-block; margin-top: 10px;\">When you submit a form requesting data such as your name and email that is attached to the message sent, so you must accept our privacy policy. | <strong>Rights:<\/strong> You have the right to access, rectification, deletion, limitation, portability and forgetting your data.\n<\/p><div class=\"wpcf7-response-output\" aria-hidden=\"true\"><\/div>\n<input type=\"hidden\" name=\"trp-form-language\" value=\"en\"\/><\/form>\n<\/div>\n\n<p>[\/et_pb_text][\/et_pb_column][\/et_pb_row][\/et_pb_section]<\/p>","protected":false},"excerpt":{"rendered":"<p>Tu men\u00fa\/Flayer en RA (realidad aumentada)Convierte tu men\u00fa o flyer en una experiencia que tus clientes pueden ver y explorar en su propio tel\u00e9fono. \u00bfQu\u00e9 necesitamos? Archivos: JPG o PNG (m\u00e1x. 2 MB por archivo). Mensaje: cu\u00e9ntanos qu\u00e9 platillos\/servicios quieres que destaquen. \u00bfQu\u00e9 recibir\u00e1s? Te enviaremos a tu correo registrado: Un enlace y un QR [&hellip;]<\/p>","protected":false},"author":21,"featured_media":0,"parent":0,"menu_order":0,"comment_status":"closed","ping_status":"closed","template":"","meta":{"_acf_changed":false,"_et_pb_use_builder":"on","_et_pb_old_content":"","_et_gb_content_width":"","footnotes":""},"class_list":["post-6419","page","type-page","status-publish","hentry"],"acf":[],"_links":{"self":[{"href":"https:\/\/realifygroup.com\/en\/wp-json\/wp\/v2\/pages\/6419","targetHints":{"allow":["GET"]}}],"collection":[{"href":"https:\/\/realifygroup.com\/en\/wp-json\/wp\/v2\/pages"}],"about":[{"href":"https:\/\/realifygroup.com\/en\/wp-json\/wp\/v2\/types\/page"}],"author":[{"embeddable":true,"href":"https:\/\/realifygroup.com\/en\/wp-json\/wp\/v2\/users\/21"}],"replies":[{"embeddable":true,"href":"https:\/\/realifygroup.com\/en\/wp-json\/wp\/v2\/comments?post=6419"}],"version-history":[{"count":10,"href":"https:\/\/realifygroup.com\/en\/wp-json\/wp\/v2\/pages\/6419\/revisions"}],"predecessor-version":[{"id":6493,"href":"https:\/\/realifygroup.com\/en\/wp-json\/wp\/v2\/pages\/6419\/revisions\/6493"}],"wp:attachment":[{"href":"https:\/\/realifygroup.com\/en\/wp-json\/wp\/v2\/media?parent=6419"}],"curies":[{"name":"wp","href":"https:\/\/api.w.org\/{rel}","templated":true}]}}